{"id":26,"date":"2025-08-08T15:27:46","date_gmt":"2025-08-08T15:27:46","guid":{"rendered":"https:\/\/higortraderjr.com\/?page_id=26"},"modified":"2025-08-18T20:03:33","modified_gmt":"2025-08-18T20:03:33","slug":"br","status":"publish","type":"page","link":"https:\/\/higortraderjr.com\/br\/","title":{"rendered":"Higor Trader"},"content":{"rendered":"\t\t<div data-elementor-type=\"wp-page\" data-elementor-id=\"26\" class=\"elementor elementor-26\" data-elementor-post-type=\"page\">\n\t\t\t\t<div class=\"elementor-element elementor-element-c887f22 e-flex e-con-boxed e-con e-parent\" data-id=\"c887f22\" data-element_type=\"container\" data-e-type=\"container\">\n\t\t\t\t\t<div class=\"e-con-inner\">\n\t\t\t\t<div class=\"elementor-element elementor-element-e4f370a elementor-widget elementor-widget-image\" data-id=\"e4f370a\" data-element_type=\"widget\" data-e-type=\"widget\" data-widget_type=\"image.default\">\n\t\t\t\t\t\t\t\t\t\t\t\t\t\t\t<img fetchpriority=\"high\" decoding=\"async\" width=\"1920\" height=\"1080\" src=\"https:\/\/higortraderjr.com\/wp-content\/uploads\/2025\/08\/2.png\" class=\"attachment-full size-full wp-image-104\" alt=\"\" srcset=\"https:\/\/higortraderjr.com\/wp-content\/uploads\/2025\/08\/2.png 1920w, https:\/\/higortraderjr.com\/wp-content\/uploads\/2025\/08\/2-300x169.png 300w, https:\/\/higortraderjr.com\/wp-content\/uploads\/2025\/08\/2-1024x576.png 1024w, https:\/\/higortraderjr.com\/wp-content\/uploads\/2025\/08\/2-768x432.png 768w, https:\/\/higortraderjr.com\/wp-content\/uploads\/2025\/08\/2-1536x864.png 1536w\" sizes=\"(max-width: 1920px) 100vw, 1920px\" \/>\t\t\t\t\t\t\t\t\t\t\t\t\t\t\t<\/div>\n\t\t\t\t<div class=\"elementor-element elementor-element-a2b899d elementor-widget elementor-widget-html\" data-id=\"a2b899d\" data-element_type=\"widget\" data-e-type=\"widget\" data-widget_type=\"html.default\">\n\t\t\t\t\t<script src=\"https:\/\/track4you.app\/9fa6de56-716d-4d00-98a1-745eb0e613dc.js\" defer><\/script>\t\t\t\t<\/div>\n\t\t\t\t<div class=\"elementor-element elementor-element-3bfe2db elementor-widget elementor-widget-html\" data-id=\"3bfe2db\" data-element_type=\"widget\" data-e-type=\"widget\" data-widget_type=\"html.default\">\n\t\t\t\t\t<!DOCTYPE html>\n<html lang=\"pt-BR\">\n<head>\n    <meta charset=\"UTF-8\">\n    <meta name=\"viewport\" content=\"width=device-width, initial-scale=1.0\">\n    <title>Opera\u00e7\u00f5es Free - Grupo Exclusivo de Trading<\/title>\n    <meta name=\"description\" content=\"Lucre diariamente operando AO VIVO comigo. Copie e cole as opera\u00e7\u00f5es. Grupo exclusivo 100% gratuito!\" \/>\n    <style>\n        * {\n            margin: 0;\n            padding: 0;\n            box-sizing: border-box;\n        }\n\n        body {\n            font-family: -apple-system, BlinkMacSystemFont, \"Segoe UI\", Roboto, \"Helvetica Neue\", Arial, sans-serif;\n            background: #000000;\n            color: #ffffff;\n            overflow-x: hidden;\n        }\n\n        .container {\n            min-height: 10vh;\n            display: flex;\n            align-items: center;\n            justify-content: center;\n            padding: 2rem 1rem;\n        }\n\n        .content-wrapper {\n            max-width: 40rem;\n            margin: 0 auto;\n            text-align: center;\n        }\n\n        .headline {\n            font-size: 2.20rem;\n            font-weight: 700;\n            line-height: 1.00;\n            letter-spacing: -0.020em;\n            margin-bottom: 2rem;\n        }\n\n        .headline span {\n            display: block;\n        }\n\n        .gradient-text {\n            background: linear-gradient(to right, #facc15, #eab308, #f97316);\n            -webkit-background-clip: text;\n            background-clip: text;\n            -webkit-text-fill-color: transparent;\n        }\n\n        .white-text {\n            color: #ffffff;\n        }\n\n        .description {\n            margin-bottom: 1rem;\n        }\n\n        .description-content {\n            font-size: 1.200rem;\n            line-height: 1.00;\n            max-width: 30rem;\n            margin: 0 auto;\n        }\n\n        .description-content p {\n            margin-bottom: 1rem;\n        }\n\n        .highlight-text {\n            background: linear-gradient(to right, #facc15, #eab308, #f97316);\n            -webkit-background-clip: text;\n            background-clip: text;\n            -webkit-text-fill-color: transparent;\n            font-weight: 700;\n        }\n\n        .red-text {\n            color: #f87171;\n            font-weight: 700;\n        }\n\n        .special-box {\n            max-width: 30rem;\n            margin: 0 auto 2rem auto;\n        }\n\n        .special-box-content {\n            background: linear-gradient(to right, rgba(31, 41, 55, 0.5), rgba(17, 24, 39, 0.5));\n            border: 1px solid rgba(75, 85, 99, 0.3);\n            border-radius: 1rem;\n            padding: 1.0rem;\n            backdrop-filter: blur(4px);\n        }\n\n        .special-box-text {\n            font-size: 1.25rem;\n            font-weight: 700;\n            background: linear-gradient(to right, #facc15, #eab308, #f97316);\n            -webkit-background-clip: text;\n            background-clip: text;\n            -webkit-text-fill-color: transparent;\n            line-height: 1.45;\n        }\n\n        .cta-section {\n            padding-top: 1.0 rem;\n        }\n\n        .cta-button {\n            background: linear-gradient(to right, #f97316, #ea580c, #dc2626);\n            color: white;\n            font-weight: 700;\n            padding: 1.0rem 1.0rem;\n            font-size: 1.05rem;\n            border-radius: 1rem;\n            box-shadow: 0 25px 50px -12px rgba(0, 0, 0, 0.25);\n            border: none;\n            cursor: pointer;\n            transition: all 0.3s ease;\n            text-decoration: none;\n            display: inline-flex;\n            align-items: center;\n            min-width: 320px;\n            justify-content: center;\n            animation: pulse 1s infinite;\n        }\n\n        .cta-button:hover {\n            background: linear-gradient(to right, #fb923c, #f97316, #ef4444);\n            transform: scale(1.05);\n        }\n\n        .arrow-icon {\n            margin-right: 0.75rem;\n            width: 1.5rem;\n            height: 1.5rem;\n        }\n\n        @keyframes pulse {\n            0%, 100% {\n                opacity: 1;\n            }\n            50% {\n                opacity: 0.7;\n            }\n        }\n\n        \/* Responsive design *\/\n        @media (min-width: 640px) {\n            .headline {\n                font-size: 3.75rem;\n            }\n            \n            .description-content {\n                font-size: 1.25rem;\n            }\n            \n            .special-box-text {\n                font-size: 1.5rem;\n            }\n            \n            .cta-button {\n                min-width: 400px;\n            }\n        }\n\n        @media (min-width: 1024px) {\n            .headline {\n                font-size: 4.5rem;\n            }\n        }\n    <\/style>\n<\/head>\n<body>\n    <div class=\"container\">\n        <div class=\"content-wrapper\">\n            <!-- Main headline -->\n            <h1 class=\"headline\">\n                <span class=\"gradient-text\">Lucre<\/span>\n                <span class=\"gradient-text\">diariamente<\/span>\n                <span class=\"white-text\">operando<\/span>\n                <span class=\"gradient-text\">AO VIVO<\/span>\n                <span class=\"white-text\">comigo.<\/span>\n            <\/h1>\n            \n            <!-- Description -->\n            <div class=\"description\">\n                <div class=\"description-content\">\n                    <p>\n                        Voc\u00ea s\u00f3 precisa <span class=\"highlight-text\">copiar e colar as minhas opera\u00e7\u00f5es.<\/span>\n                    <\/p>\n                    <p>\n                        Pare de ficar se aventurando e <span class=\"red-text\">perdendo tempo e dinheiro<\/span> com quem n\u00e3o tem resultado!\n                    <\/p>\n                <\/div>\n            <\/div>\n            \n            <!-- Special highlight box -->\n            <div class=\"special-box\">\n                <div class=\"special-box-content\">\n                    <p class=\"special-box-text\">\n                        Aqui voc\u00ea n\u00e3o paga nada, voc\u00ea vai operar comigo e o lucro \u00e9 100% SEU!!\n                    <\/p>\n                <\/div>\n            <\/div>\n            \n            <!-- CTA button -->\n            <div class=\"cta-section\">\n                <a href=\"https:\/\/t.me\/+0quzQ1N4DKI4OTFh\" class=\"cta-button\">\n                    <svg class=\"arrow-icon\" fill=\"none\" stroke=\"currentColor\" viewBox=\"0 0 24 24\" xmlns=\"http:\/\/www.w3.org\/2000\/svg\">\n                        <path stroke-linecap=\"round\" stroke-linejoin=\"round\" stroke-width=\"2\" d=\"M13 7l5 5m0 0l-5 5m5-5H6\"><\/path>\n                    <\/svg>\n                    ACESSAR GRUPO EXCLUSIVO\n                <\/a>\n            <\/div>\n        <\/div>\n    <\/div>\n\n    <script>\n        \/\/ Adicionar efeito de entrada suave\n        document.addEventListener('DOMContentLoaded', function() {\n            const contentWrapper = document.querySelector('.content-wrapper');\n            contentWrapper.style.opacity = '0';\n            contentWrapper.style.transform = 'translateY(20px)';\n            \n            setTimeout(() => {\n                contentWrapper.style.transition = 'all 0.8s ease';\n                contentWrapper.style.opacity = '1';\n                contentWrapper.style.transform = 'translateY(0)';\n            }, 100);\n        });\n\n        \/\/ Rastreamento de clique no bot\u00e3o (opcional)\n        document.querySelector('.cta-button').addEventListener('click', function() {\n            \/\/ Adicione aqui seu c\u00f3digo de analytics se necess\u00e1rio\n            console.log('Bot\u00e3o CTA clicado');\n        });\n    <\/script>\n<\/body>\n<\/html>\t\t\t\t<\/div>\n\t\t\t\t<div class=\"elementor-element elementor-element-83de55c elementor-widget elementor-widget-html\" data-id=\"83de55c\" data-element_type=\"widget\" data-e-type=\"widget\" data-widget_type=\"html.default\">\n\t\t\t\t\t<script\n  src=\"https:\/\/cdn.utmify.com.br\/scripts\/utms\/latest.js\"\n  data-utmify-prevent-xcod-sck\n  data-utmify-prevent-subids\n  async\n  defer\n><\/script>\t\t\t\t<\/div>\n\t\t\t\t\t<\/div>\n\t\t\t\t<\/div>\n\t\t\t\t<\/div>\n\t\t","protected":false},"excerpt":{"rendered":"<p>Opera\u00e7\u00f5es Free &#8211; Grupo Exclusivo de Trading Lucre diariamente operando AO VIVO comigo. Voc\u00ea s\u00f3 precisa copiar e colar as minhas opera\u00e7\u00f5es. Pare de ficar se aventurando e perdendo tempo e dinheiro com quem n\u00e3o tem resultado! Aqui voc\u00ea n\u00e3o paga nada, voc\u00ea vai operar comigo e o lucro \u00e9 100% SEU!! ACESSAR GRUPO EXCLUSIVO<\/p>\n","protected":false},"author":1,"featured_media":0,"parent":0,"menu_order":0,"comment_status":"closed","ping_status":"closed","template":"elementor_canvas","meta":{"footnotes":""},"class_list":["post-26","page","type-page","status-publish","hentry"],"_links":{"self":[{"href":"https:\/\/higortraderjr.com\/br\/wp-json\/wp\/v2\/pages\/26","targetHints":{"allow":["GET"]}}],"collection":[{"href":"https:\/\/higortraderjr.com\/br\/wp-json\/wp\/v2\/pages"}],"about":[{"href":"https:\/\/higortraderjr.com\/br\/wp-json\/wp\/v2\/types\/page"}],"author":[{"embeddable":true,"href":"https:\/\/higortraderjr.com\/br\/wp-json\/wp\/v2\/users\/1"}],"replies":[{"embeddable":true,"href":"https:\/\/higortraderjr.com\/br\/wp-json\/wp\/v2\/comments?post=26"}],"version-history":[{"count":65,"href":"https:\/\/higortraderjr.com\/br\/wp-json\/wp\/v2\/pages\/26\/revisions"}],"predecessor-version":[{"id":111,"href":"https:\/\/higortraderjr.com\/br\/wp-json\/wp\/v2\/pages\/26\/revisions\/111"}],"wp:attachment":[{"href":"https:\/\/higortraderjr.com\/br\/wp-json\/wp\/v2\/media?parent=26"}],"curies":[{"name":"wp","href":"https:\/\/api.w.org\/{rel}","templated":true}]}}